{"id":441,"date":"2021-07-30T14:40:18","date_gmt":"2021-07-30T14:40:18","guid":{"rendered":"https:\/\/infoamendoim.com.br\/website\/?page_id=441"},"modified":"2021-07-30T14:44:32","modified_gmt":"2021-07-30T14:44:32","slug":"politica-privacidade","status":"publish","type":"page","link":"https:\/\/infoamendoim.com.br\/website\/politica-privacidade\/","title":{"rendered":"Pol\u00edtica de Privacidade InfoAmendoim"},"content":{"rendered":"<div class=\"cli_pg_page_contaner\">\n<h3>Sobre esta pol\u00edtica de cookies<\/h3>\n<div>Esta Pol\u00edtica de Cookies explica o que s\u00e3o cookies e como os usamos, os tipos de cookies que usamos, ou seja, as informa\u00e7\u00f5es que coletamos usando cookies e como essas informa\u00e7\u00f5es s\u00e3o usadas e como controlar as prefer\u00eancias de cookies. Para obter mais informa\u00e7\u00f5es sobre como usamos, armazenamos e mantemos seus dados pessoais seguros, consulte nossa Pol\u00edtica de Privacidade.Voc\u00ea pode, a qualquer momento, alterar ou retirar seu consentimento da Declara\u00e7\u00e3o de Cookie em nosso siteSaiba mais sobre quem somos, como voc\u00ea pode nos contatar e como processamos dados pessoais em nossa Pol\u00edtica de Privacidade.Seu consentimento se aplica aos seguintes dom\u00ednios: infoamendoim.com.br<div class=\"cli_user_consent_state\">Seu estado atual: N\u00e3o foi dado consentimento. <a class=\"cli_manage_current_consent\" style=\"cursor:pointer;\">Gerenciar consentimento.<\/a> <\/div><\/div>\n<h3>O que s\u00e3o cookies?<\/h3>\n<div>Cookies s\u00e3o pequenos arquivos de texto usados para armazenar pequenas informa\u00e7\u00f5es. Eles s\u00e3o armazenados em seu dispositivo quando o site \u00e9 carregado em seu navegador. Esses cookies nos ajudam a fazer o site funcionar corretamente, torn\u00e1-lo mais seguro, fornecer uma melhor experi\u00eancia do usu\u00e1rio e entender como o site funciona e analisar o que funciona e onde precisa ser melhorado.<\/div>\n<h3>Como usamos cookies?<\/h3>\n<div>Como a maioria dos servi\u00e7os online, nosso site usa cookies prim\u00e1rios e de terceiros para diversos fins. Os cookies prim\u00e1rios s\u00e3o principalmente necess\u00e1rios para o funcionamento correto do site e n\u00e3o coletam nenhum de seus dados de identifica\u00e7\u00e3o pessoal.Os cookies de terceiros usados em nosso site s\u00e3o principalmente para entender como o site funciona, como voc\u00ea interage com nosso site, mantendo nossos servi\u00e7os seguros, fornecendo an\u00fancios que s\u00e3o relevantes para voc\u00ea e, em suma, proporcionando-lhe um usu\u00e1rio melhor e melhor experi\u00eancia e ajudar a acelerar suas futuras intera\u00e7\u00f5es com nosso site.<\/div>\n<h3>Que tipos de cookies usamos?<\/h3>\n<div>Essencial: Alguns cookies s\u00e3o essenciais para que voc\u00ea possa experimentar todas as funcionalidades do nosso site. Eles nos permitem manter as sess\u00f5es do usu\u00e1rio e prevenir quaisquer amea\u00e7as \u00e0 seguran\u00e7a. Eles n\u00e3o coletam ou armazenam nenhuma informa\u00e7\u00e3o pessoal. Por exemplo, esses cookies permitem que voc\u00ea fa\u00e7a login em sua conta, adicione produtos \u00e0 sua cesta e finalize a compra com seguran\u00e7a.Estat\u00edsticas: Esses cookies armazenam informa\u00e7\u00f5es como o n\u00famero de visitantes do site, o n\u00famero de visitantes \u00fanicos, quais p\u00e1ginas do site foram visitadas, a origem da visita, etc. Esses dados nos ajudam a entender e analisar o desempenho do site e onde precisa de melhorias.Marketing: Nosso site exibe an\u00fancios. Esses cookies s\u00e3o usados \u200b\u200bpara personalizar os an\u00fancios que mostramos a voc\u00ea para que sejam significativos para voc\u00ea. Esses cookies tamb\u00e9m nos ajudam a acompanhar a efici\u00eancia dessas campanhas publicit\u00e1rias.As informa\u00e7\u00f5es armazenadas nesses cookies tamb\u00e9m podem ser usadas por provedores de an\u00fancios de terceiros para exibir an\u00fancios em outros sites no navegador tamb\u00e9m.Funcional: Estes s\u00e3o os cookies que auxiliam certas funcionalidades n\u00e3o essenciais em nosso site. Essas funcionalidades incluem a incorpora\u00e7\u00e3o de conte\u00fado como v\u00eddeos ou o compartilhamento de conte\u00fado do site em plataformas de m\u00eddia social.Prefer\u00eancias: Esses cookies nos ajudam a armazenar suas configura\u00e7\u00f5es e prefer\u00eancias de navega\u00e7\u00e3o, como prefer\u00eancias de idioma, para que voc\u00ea tenha uma experi\u00eancia melhor e eficiente em futuras visitas ao site.[colunas cookie_audit = &#8220;cookie, descri\u00e7\u00e3o&#8221; t\u00edtulo = &#8220;A lista abaixo detalha os cookies usados \u200b\u200bem nosso site.&#8221;]<\/div>\n<h3>Como posso controlar as prefer\u00eancias de cookies?<\/h3>\n<div>Caso decida alterar suas prefer\u00eancias posteriormente durante a sess\u00e3o de navega\u00e7\u00e3o, voc\u00ea pode clicar na guia &#8220;Pol\u00edtica de Privacidade e Cookies&#8221; em sua tela. Isso exibir\u00e1 o aviso de consentimento novamente, permitindo que voc\u00ea altere suas prefer\u00eancias ou retire totalmente o seu consentimento.Al\u00e9m disso, diferentes navegadores fornecem m\u00e9todos diferentes para bloquear e excluir cookies usados por sites. Voc\u00ea pode alterar as configura\u00e7\u00f5es do seu navegador para bloquear \/ excluir os cookies. Para saber mais sobre como gerenciar e excluir cookies, visite wikipedia.org, www.allaboutcookies.org.<\/div>\n<\/div>\n","protected":false},"excerpt":{"rendered":"<p>Sobre esta pol\u00edtica de cookies Esta Pol\u00edtica de Cookies explica o que s\u00e3o cookies e como os usamos, os tipos de cookies que usamos, ou seja, as informa\u00e7\u00f5es que coletamos usando cookies e como essas informa\u00e7\u00f5es s\u00e3o usadas e como controlar as prefer\u00eancias de cookies. Para obter mais informa\u00e7\u00f5es sobre como usamos, armazenamos e mantemos [&hellip;]<\/p>\n","protected":false},"author":1,"featured_media":0,"parent":0,"menu_order":0,"comment_status":"closed","ping_status":"closed","template":"","meta":{"footnotes":""},"_links":{"self":[{"href":"https:\/\/infoamendoim.com.br\/website\/wp-json\/wp\/v2\/pages\/441"}],"collection":[{"href":"https:\/\/infoamendoim.com.br\/website\/wp-json\/wp\/v2\/pages"}],"about":[{"href":"https:\/\/infoamendoim.com.br\/website\/wp-json\/wp\/v2\/types\/page"}],"author":[{"embeddable":true,"href":"https:\/\/infoamendoim.com.br\/website\/wp-json\/wp\/v2\/users\/1"}],"replies":[{"embeddable":true,"href":"https:\/\/infoamendoim.com.br\/website\/wp-json\/wp\/v2\/comments?post=441"}],"version-history":[{"count":3,"href":"https:\/\/infoamendoim.com.br\/website\/wp-json\/wp\/v2\/pages\/441\/revisions"}],"predecessor-version":[{"id":444,"href":"https:\/\/infoamendoim.com.br\/website\/wp-json\/wp\/v2\/pages\/441\/revisions\/444"}],"wp:attachment":[{"href":"https:\/\/infoamendoim.com.br\/website\/wp-json\/wp\/v2\/media?parent=441"}],"curies":[{"name":"wp","href":"https:\/\/api.w.org\/{rel}","templated":true}]}}